{"id":89,"date":"2024-02-02T23:29:14","date_gmt":"2024-02-02T22:29:14","guid":{"rendered":"https:\/\/radymno-nspj.przemyska.pl\/?page_id=89"},"modified":"2024-02-02T23:29:14","modified_gmt":"2024-02-02T22:29:14","slug":"akcja-katolicka","status":"publish","type":"page","link":"https:\/\/radymno-nspj.przemyska.pl\/index.php\/akcja-katolicka\/","title":{"rendered":"Akcja Katolicka"},"content":{"rendered":"<div class=\"wp-block-image\">\n<figure class=\"aligncenter is-resized\"><img decoding=\"async\" src=\"http:\/\/localhost\/radymno\/wp-content\/uploads\/2022\/01\/akcja_katolicka-1.jpg\" alt=\"\" class=\"wp-image-872\" style=\"width:325px;height:auto\"\/><\/figure><\/div>\n\n\n<p>Akcja Katolicka jest stowarzyszeniem katolik\u00f3w \u015bwieckich, kt\u00f3rzy w zorganizowanej formie \u015bci\u015ble wsp\u00f3\u0142pracuj\u0105 z hierarchi\u0105 ko\u015bcieln\u0105 w realizacji og\u00f3lnego celu apostolskiego Ko\u015bcio\u0142a (por. KK, n. 33; DA, n. 20; DM, n. 15). Papie\u017c Jan Pawe\u0142 II m\u00f3wi\u0105c o wiernych \u015bwieckich, kt\u00f3rzy<em>&nbsp;winni poczu\u0107 si\u0119 rzeczywistymi podmiotami w \u017cyciu Ko\u015bcio\u0142a,&nbsp;<\/em>wskaza\u0142 na szczeg\u00f3lne znaczenie Akcji Katolickiej w ich formacji. Dlatego postulowa\u0142 jej odrodzenie w Polsce. Do biskup\u00f3w polskich podczas wizyty Ad limina Apostolorum, 12 stycznia 1993 roku, m\u00f3wi\u0142:<em>&nbsp;Trzeba wi\u0119c, aby na nowo od\u017cy\u0142a. Bez niej bowiem infrastruktura zrzesze\u0144 katolickich w Polsce by\u0142aby niepe\u0142na.&nbsp;<\/em>Podejmuj\u0105c to wezwanie, Konferencja Episkopatu Polski powo\u0142a\u0142a w 1996 roku do \u017cycia Akcj\u0119 Katolick\u0105.<\/p>\n\n\n\n<p>Jej celem jest:<br>\u2013 w\u0142\u0105czanie ludzi \u015bwieckich w budowanie Ko\u015bcio\u0142a Chrystusowego oraz w zorganizowan\u0105 misj\u0119 apostolsk\u0105, dzi\u0119ki kt\u00f3rej b\u0119d\u0105 mogli&nbsp;<em>czyni\u0107 obecnym i aktywnym Ko\u015bci\u00f3\u0142 w takich miejscach i takich okoliczno\u015bciach, gdzie jedynie przy ich pomocy sta\u0107 si\u0119 on mo\u017ce sol\u0105 ziemi<\/em>&nbsp;(KK, n. 33).<br><strong>Akcja Katolicka jest stowarzyszeniem<\/strong>, w kt\u00f3rym katolicy \u015bwieccy mog\u0105 realizowa\u0107 powo\u0142anie, kt\u00f3re otrzymali na mocy sakramentu chrztu i bierzmowania (por. KK, n. 33)<\/p>\n\n\n\n<p>SPOTKANIA AKCJI KATOLICKIEJ:<br><strong>DRUGI WTOREK MIESI\u0104CA PO MSZY \u015aWI\u0118TEJ WIECZORNEJ<\/strong><\/p>\n","protected":false},"excerpt":{"rendered":"<p>Akcja Katolicka jest stowarzyszeniem katolik\u00f3w \u015bwieckich, kt\u00f3rzy w zorganizowanej formie \u015bci\u015ble wsp\u00f3\u0142pracuj\u0105 z hierarchi\u0105 ko\u015bcieln\u0105 w realizacji og\u00f3lnego celu apostolskiego Ko\u015bcio\u0142a (por. KK, n. 33; DA, n. 20; DM, n. 15). Papie\u017c Jan Pawe\u0142 II m\u00f3wi\u0105c o wiernych \u015bwieckich, kt\u00f3rzy&nbsp;winni poczu\u0107 si\u0119 rzeczywistymi podmiotami w \u017cyciu Ko\u015bcio\u0142a,&nbsp;wskaza\u0142 na szczeg\u00f3lne znaczenie &hellip;<\/p>\n","protected":false},"author":1,"featured_media":0,"parent":0,"menu_order":0,"comment_status":"closed","ping_status":"closed","template":"","meta":{"footnotes":""},"_links":{"self":[{"href":"https:\/\/radymno-nspj.przemyska.pl\/index.php\/wp-json\/wp\/v2\/pages\/89"}],"collection":[{"href":"https:\/\/radymno-nspj.przemyska.pl\/index.php\/wp-json\/wp\/v2\/pages"}],"about":[{"href":"https:\/\/radymno-nspj.przemyska.pl\/index.php\/wp-json\/wp\/v2\/types\/page"}],"author":[{"embeddable":true,"href":"https:\/\/radymno-nspj.przemyska.pl\/index.php\/wp-json\/wp\/v2\/users\/1"}],"replies":[{"embeddable":true,"href":"https:\/\/radymno-nspj.przemyska.pl\/index.php\/wp-json\/wp\/v2\/comments?post=89"}],"version-history":[{"count":1,"href":"https:\/\/radymno-nspj.przemyska.pl\/index.php\/wp-json\/wp\/v2\/pages\/89\/revisions"}],"predecessor-version":[{"id":90,"href":"https:\/\/radymno-nspj.przemyska.pl\/index.php\/wp-json\/wp\/v2\/pages\/89\/revisions\/90"}],"wp:attachment":[{"href":"https:\/\/radymno-nspj.przemyska.pl\/index.php\/wp-json\/wp\/v2\/media?parent=89"}],"curies":[{"name":"wp","href":"https:\/\/api.w.org\/{rel}","templated":true}]}}