{"id":207,"date":"2024-02-09T12:43:22","date_gmt":"2024-02-09T11:43:22","guid":{"rendered":"https:\/\/radymno-nspj.przemyska.pl\/?page_id=207"},"modified":"2024-11-04T13:33:50","modified_gmt":"2024-11-04T12:33:50","slug":"trwalosc-projektu","status":"publish","type":"page","link":"https:\/\/radymno-nspj.przemyska.pl\/index.php\/projekt-przyjazny-dom\/trwalosc-projektu\/","title":{"rendered":"Trwa\u0142o\u015b\u0107 projektu"},"content":{"rendered":"<div class=\"wp-block-image\">\n<figure class=\"aligncenter size-large\"><img loading=\"lazy\" decoding=\"async\" width=\"1024\" height=\"83\" src=\"https:\/\/radymno-nspj.przemyska.pl\/wp-content\/uploads\/2024\/05\/image-1-1024x83.png\" alt=\"\" class=\"wp-image-439\" srcset=\"https:\/\/radymno-nspj.przemyska.pl\/wp-content\/uploads\/2024\/05\/image-1-1024x83.png 1024w, https:\/\/radymno-nspj.przemyska.pl\/wp-content\/uploads\/2024\/05\/image-1-300x24.png 300w, https:\/\/radymno-nspj.przemyska.pl\/wp-content\/uploads\/2024\/05\/image-1-768x62.png 768w, https:\/\/radymno-nspj.przemyska.pl\/wp-content\/uploads\/2024\/05\/image-1-784x63.png 784w, https:\/\/radymno-nspj.przemyska.pl\/wp-content\/uploads\/2024\/05\/image-1.png 1459w\" sizes=\"(max-width: 1024px) 100vw, 1024px\" \/><\/figure><\/div>\n\n\n<p><\/p>\n\n\n\n<p><\/p>\n\n\n\n<p class=\"has-text-align-center has-text-color has-link-color has-large-font-size wp-elements-f1d090b7c6d5424055b176b620769421\" style=\"color:#032e99\"><strong>Parafia Rzymskokatolicka pw. Naj\u015bwi\u0119tszego Serca Pana Jezusa informuje o mo\u017cliwo\u015bci skorzystania z us\u0142ug opieku\u0144czych \u015bwiadczonych w Dziennym Domu Pomocy w Radymnie<\/strong><\/p>\n\n\n\n<p class=\"has-text-align-center has-text-color has-link-color has-large-font-size wp-elements-7c47453e3c1275a61733836b944b26f7\" style=\"color:#050369\"><strong>Odbiorcami realizowanych us\u0142ug mog\u0105 by\u0107 osoby potrzebuj\u0105ce wsparcia w codziennym funkcjonowaniu zamieszka\u0142e na terenie powiatu jaros\u0142awskiego<\/strong><\/p>\n\n\n\n<p class=\"has-text-align-center has-text-color has-link-color has-large-font-size wp-elements-e675c573d0da4edc3eac00c9c73fbdbc\" style=\"color:#050369\"><strong>Zainteresowanych prosimy o kontakt pod nr tel. 16&nbsp;628 10 59.<\/strong><\/p>\n\n\n\n<p class=\"has-text-align-center has-text-color has-link-color wp-elements-4c9f1eba1ffd06bf029f786542380157\" style=\"color:#000000\">Us\u0142ugi opieku\u0144cze mog\u0105 by\u0107 \u015bwiadczone osobom:<\/p>\n\n\n\n<ul>\n<li class=\"has-normal-font-size\"><strong>kt\u00f3re ze wzgl\u0119du na wiek, stan zdrowia lub niepe\u0142nosprawno\u015b\u0107 wymagaj\u0105 opieki lub pomocy w zaspokajaniu niezb\u0119dnych potrzeb \u017cyciowych;<\/strong><\/li>\n\n\n\n<li class=\"has-normal-font-size\"><strong>nie maj\u0105 mo\u017cliwo\u015bci samodzielnego wykonywania co najmniej jednej z podstawowej czynno\u015bci dnia codziennego<\/strong>;<\/li>\n\n\n\n<li class=\"has-normal-font-size\"><strong>zamieszkuj\u0105 (w rozumieniu ustawy z dnia 23 kwietnia 1964r. Kodeks cywilny Dz.U. 1964r. Nr 16, poz. 93 z p\u00f3\u017an.zm., art. 25. Miejscem zamieszkania osoby fizycznej jest miejscowo\u015b\u0107, w&nbsp;kt\u00f3rej osoba ta przebywa z zamiarem sta\u0142ego pobytu) na terenie wojew\u00f3dztwa podkarpackiego tj. na terenie powiatu jaros\u0142awskiego<\/strong><\/li>\n\n\n\n<li class=\"has-normal-font-size\"><strong>posiadaj\u0105 za\u015bwiadczenie lekarskie wydane przez lekarza POZ stwierdzaj\u0105ce, i\u017c osoba ubiegaj\u0105ca si\u0119 o wsparcie wymaga pomocy innych os\u00f3b;<\/strong><\/li>\n<\/ul>\n","protected":false},"excerpt":{"rendered":"<p>Parafia Rzymskokatolicka pw. Naj\u015bwi\u0119tszego Serca Pana Jezusa informuje o mo\u017cliwo\u015bci skorzystania z us\u0142ug opieku\u0144czych \u015bwiadczonych w Dziennym Domu Pomocy w Radymnie Odbiorcami realizowanych us\u0142ug mog\u0105 by\u0107 osoby potrzebuj\u0105ce wsparcia w codziennym funkcjonowaniu zamieszka\u0142e na terenie powiatu jaros\u0142awskiego Zainteresowanych prosimy o kontakt pod nr tel. 16&nbsp;628 10 59. Us\u0142ugi opieku\u0144cze mog\u0105 &hellip;<\/p>\n","protected":false},"author":3,"featured_media":0,"parent":153,"menu_order":1,"comment_status":"closed","ping_status":"closed","template":"","meta":{"footnotes":""},"_links":{"self":[{"href":"https:\/\/radymno-nspj.przemyska.pl\/index.php\/wp-json\/wp\/v2\/pages\/207"}],"collection":[{"href":"https:\/\/radymno-nspj.przemyska.pl\/index.php\/wp-json\/wp\/v2\/pages"}],"about":[{"href":"https:\/\/radymno-nspj.przemyska.pl\/index.php\/wp-json\/wp\/v2\/types\/page"}],"author":[{"embeddable":true,"href":"https:\/\/radymno-nspj.przemyska.pl\/index.php\/wp-json\/wp\/v2\/users\/3"}],"replies":[{"embeddable":true,"href":"https:\/\/radymno-nspj.przemyska.pl\/index.php\/wp-json\/wp\/v2\/comments?post=207"}],"version-history":[{"count":6,"href":"https:\/\/radymno-nspj.przemyska.pl\/index.php\/wp-json\/wp\/v2\/pages\/207\/revisions"}],"predecessor-version":[{"id":825,"href":"https:\/\/radymno-nspj.przemyska.pl\/index.php\/wp-json\/wp\/v2\/pages\/207\/revisions\/825"}],"up":[{"embeddable":true,"href":"https:\/\/radymno-nspj.przemyska.pl\/index.php\/wp-json\/wp\/v2\/pages\/153"}],"wp:attachment":[{"href":"https:\/\/radymno-nspj.przemyska.pl\/index.php\/wp-json\/wp\/v2\/media?parent=207"}],"curies":[{"name":"wp","href":"https:\/\/api.w.org\/{rel}","templated":true}]}}