{"id":17,"date":"2024-02-01T23:21:27","date_gmt":"2024-02-01T22:21:27","guid":{"rendered":"https:\/\/radymno-nspj.przemyska.pl\/?page_id=17"},"modified":"2024-02-01T23:21:27","modified_gmt":"2024-02-01T22:21:27","slug":"kancelaria","status":"publish","type":"page","link":"https:\/\/radymno-nspj.przemyska.pl\/index.php\/kancelaria\/","title":{"rendered":"Kancelaria"},"content":{"rendered":"\n<p class=\"has-text-align-center has-medium-font-size\">Zapraszamy do Kancelarii Parafialnej w ka\u017cdy<\/p>\n\n\n\n<p class=\"has-text-align-center has-vivid-red-color has-text-color has-link-color has-medium-font-size wp-elements-8795f0b3eedfc3c76194a1c47c2e780c\"><strong>WTOREK, CZWARTEK i SOBOT\u0118<\/strong><\/p>\n\n\n\n<p class=\"has-text-align-center has-medium-font-size\">po wieczornej Mszy \u015bw., z wyj\u0105tkiem wypadaj\u0105cych w tych dniach \u015bwi\u0105t i uroczysto\u015bci <\/p>\n\n\n\n<p class=\"has-text-align-center\"><em>(w dniach, w kt\u00f3rych odprawiane s\u0105 dodatkowe nabo\u017ce\u0144stwa po Mszy \u015bw., kancelaria b\u0119dzie czynna dopiero po zako\u0144czeniu nabo\u017ce\u0144stwa)<\/em><\/p>\n\n\n\n<p class=\"has-text-align-center has-ti-accent-secondary-color has-text-color has-link-color wp-elements-b163fd35d07c73899330f4a6aafa83b9\">W sprawach pilnych (np. pogrzeb, pro\u015bba o pos\u0142ug\u0119 dla chorych) zapraszamy o ka\u017cdej porze, najlepiej poprzez kontakt telefoniczny (tel. 16 6281059)<\/p>\n","protected":false},"excerpt":{"rendered":"<p>Zapraszamy do Kancelarii Parafialnej w ka\u017cdy WTOREK, CZWARTEK i SOBOT\u0118 po wieczornej Mszy \u015bw., z wyj\u0105tkiem wypadaj\u0105cych w tych dniach \u015bwi\u0105t i uroczysto\u015bci (w dniach, w kt\u00f3rych odprawiane s\u0105 dodatkowe nabo\u017ce\u0144stwa po Mszy \u015bw., kancelaria b\u0119dzie czynna dopiero po zako\u0144czeniu nabo\u017ce\u0144stwa) W sprawach pilnych (np. pogrzeb, pro\u015bba o pos\u0142ug\u0119 dla &hellip;<\/p>\n","protected":false},"author":1,"featured_media":0,"parent":0,"menu_order":0,"comment_status":"closed","ping_status":"closed","template":"","meta":{"footnotes":""},"_links":{"self":[{"href":"https:\/\/radymno-nspj.przemyska.pl\/index.php\/wp-json\/wp\/v2\/pages\/17"}],"collection":[{"href":"https:\/\/radymno-nspj.przemyska.pl\/index.php\/wp-json\/wp\/v2\/pages"}],"about":[{"href":"https:\/\/radymno-nspj.przemyska.pl\/index.php\/wp-json\/wp\/v2\/types\/page"}],"author":[{"embeddable":true,"href":"https:\/\/radymno-nspj.przemyska.pl\/index.php\/wp-json\/wp\/v2\/users\/1"}],"replies":[{"embeddable":true,"href":"https:\/\/radymno-nspj.przemyska.pl\/index.php\/wp-json\/wp\/v2\/comments?post=17"}],"version-history":[{"count":1,"href":"https:\/\/radymno-nspj.przemyska.pl\/index.php\/wp-json\/wp\/v2\/pages\/17\/revisions"}],"predecessor-version":[{"id":18,"href":"https:\/\/radymno-nspj.przemyska.pl\/index.php\/wp-json\/wp\/v2\/pages\/17\/revisions\/18"}],"wp:attachment":[{"href":"https:\/\/radymno-nspj.przemyska.pl\/index.php\/wp-json\/wp\/v2\/media?parent=17"}],"curies":[{"name":"wp","href":"https:\/\/api.w.org\/{rel}","templated":true}]}}