{"id":165,"date":"2024-02-03T00:55:04","date_gmt":"2024-02-02T23:55:04","guid":{"rendered":"https:\/\/radymno-nspj.przemyska.pl\/?page_id=165"},"modified":"2026-05-10T00:34:12","modified_gmt":"2026-05-09T22:34:12","slug":"ogloszenia-parafialne","status":"publish","type":"page","link":"https:\/\/radymno-nspj.przemyska.pl\/index.php\/ogloszenia-parafialne\/","title":{"rendered":"Og\u0142oszenia parafialne  10 maja 2026  &#8211;  VI NIEDZIELA  WIELKANOCNA"},"content":{"rendered":"\n<figure class=\"wp-block-image size-large is-style-default\"><img loading=\"lazy\" decoding=\"async\" width=\"1024\" height=\"576\" src=\"https:\/\/radymno-nspj.przemyska.pl\/wp-content\/uploads\/2026\/05\/image-2-1024x576.png\" alt=\"\" class=\"wp-image-1742\" srcset=\"https:\/\/radymno-nspj.przemyska.pl\/wp-content\/uploads\/2026\/05\/image-2-1024x576.png 1024w, https:\/\/radymno-nspj.przemyska.pl\/wp-content\/uploads\/2026\/05\/image-2-300x169.png 300w, https:\/\/radymno-nspj.przemyska.pl\/wp-content\/uploads\/2026\/05\/image-2-768x432.png 768w, https:\/\/radymno-nspj.przemyska.pl\/wp-content\/uploads\/2026\/05\/image-2-622x350.png 622w, https:\/\/radymno-nspj.przemyska.pl\/wp-content\/uploads\/2026\/05\/image-2.png 1280w\" sizes=\"(max-width: 1024px) 100vw, 1024px\" \/><\/figure>\n\n\n\n<ol>\n<li class=\"has-large-font-size\">Zapraszamy wszystkich do udzia\u0142u w nabo\u017ce\u0144stwach majowych. Dzi\u015b nabo\u017ce\u0144stwo majowe o godz. 15.30.<\/li>\n\n\n\n<li class=\"has-large-font-size\">W poniedzia\u0142ek, wtorek i \u015brod\u0119 wypadaj\u0105 dni modlitw o urodzaje, znane jako <strong>Dni Krzy\u017cowe<\/strong>. Je\u017celi pogoda pozwoli to odb\u0119d\u0105 si\u0119 w tych dniach procesje z modlitwami&nbsp; o urodzaje i b\u0142ogos\u0142awie\u0144stwo Bo\u017ce w pracy, po\u0142\u0105czone z nabo\u017ce\u0144stwami majowymi.<\/li>\n\n\n\n<li class=\"has-large-font-size\">W \u015brod\u0119 nabo\u017ce\u0144stwo majowe i procesja do krzy\u017ca b\u0119d\u0105 po\u0142\u0105czone z <strong>modlitw\u0105 r\u00f3\u017ca\u0144cow\u0105<\/strong> w dniu kolejnej rocznicy rozpocz\u0119cia objawie\u0144 w Fatimie.<\/li>\n\n\n\n<li class=\"has-large-font-size\"><strong><\/strong>W pi\u0105tek pocz\u0105tek nowenny przed <strong>Uroczysto\u015bci\u0105 Zes\u0142ania Ducha \u015awi\u0119tego. <\/strong><strong><\/strong><\/li>\n\n\n\n<li class=\"has-large-font-size\">W sobot\u0119 \u015bwi\u0119to <strong>\u015bw. Andrzeja Boboli<\/strong>, patrona Polski.<\/li>\n\n\n\n<li class=\"has-large-font-size\">W przysz\u0142\u0105 niedziel\u0119 <strong>Uroczysto\u015b\u0107 Wniebowst\u0105pienia Pa\u0144skiego<\/strong>. W tym dniu w naszej Archidiecezji odbywaj\u0105 si\u0119 <strong>\u015bwi\u0119cenia diakonatu<\/strong>. Otaczamy modlitw\u0105 kandydat\u00f3w do \u015bwi\u0119ce\u0144.<\/li>\n\n\n\n<li class=\"has-large-font-size\">W naszej Parafii w przysz\u0142\u0105 niedziel\u0119 na Mszy \u015bw. o godz. 11.30 b\u0119dziemy prze\u017cywa\u0107 uroczysto\u015b\u0107 <strong>I Komunii \u015bw. &nbsp;Spowied\u017a<\/strong> dzieci i ich rodzin b\u0119dzie <strong>w sobot\u0119 od godz. 16.00<\/strong>.<\/li>\n\n\n\n<li class=\"has-large-font-size\">We wtorek i pi\u0105tek o 16:30 &#8211; spotkanie dla dzieci przygotowuj\u0105cych si\u0119 do I spowiedzi i Komunii \u015awi\u0119tej.<\/li>\n\n\n\n<li class=\"has-large-font-size\">W tym tygodniu zapraszamy na spotkania formacyjne: w PONIEDZIA\u0141EK \u2013 wszystkich <strong>ministrant\u00f3w<\/strong>; we WTOREK \u2013 Akcj\u0119 Katolick\u0105; w PI\u0104TEK \u2013 dzieci i m\u0142odzie\u017c na <strong>spotkanie oazowe<\/strong> oraz <strong>grup\u0119 biblijn\u0105<\/strong>.<\/li>\n\n\n\n<li class=\"has-large-font-size\">Przypominamy, \u017ce dzi\u015b mo\u017cemy wesprze\u0107 finansowo rodzin\u0119 P. El\u017cbiety, kt\u00f3ra wraz z trojgiem dzieci znalaz\u0142a si\u0119 w bardzo trudnej sytuacji \u017cyciowej po nag\u0142ej \u015bmierci m\u0119\u017ca, w wieku 43 lat. Pomoc dla tej rodziny koordynuje Caritas AP. Ofiary mo\u017cna z\u0142o\u017cy\u0107 do oznaczonej skarbony pod ch\u00f3rem.<\/li>\n\n\n\n<li class=\"has-large-font-size\">W poniedzia\u0142ek w naszym ko\u015bciele prze\u017cywali\u015bmy pogrzeb <strong>\u015bp. Jana Halwy<\/strong> a wczoraj w archikatedrze w Przemy\u015blu odbywa\u0142y si\u0119 \u00a0uroczysto\u015bci pogrzebowe <strong>\u015bp. Ks. Abpa J\u00f3zefa Michalika<\/strong>. Kr\u00f3tkie wspomnienie o zmar\u0142ym Ks. Arcybiskupie, zwi\u0105zane z nasz\u0105 Parafi\u0105 znajdziemy w dzisiejszej gazetce. Powierzmy tych zmar\u0142ych Mi\u0142osierdziu Bo\u017cemu.<\/li>\n<\/ol>\n\n\n\n<p>.<\/p>\n\n\n\n<p>.<\/p>\n\n\n\n<p class=\"has-large-font-size\"><strong>PRO\u015aBA O WSPARCIE<\/strong><\/p>\n\n\n\n<p class=\"has-large-font-size\"><strong>Szanowni Pa\u0144stwo <\/strong><strong><\/strong><\/p>\n\n\n\n<p class=\"has-large-font-size\">Caritas Archidiecezji Przemyskiej zwraca si\u0119 z pro\u015bb\u0105 o udzielenie wsparcia finansowego dla rodziny Pani El\u017cbiety Hnat-G\u0142uszczyszyn zamieszka\u0142ej w miejscowo\u015bci Lipa 48, nale\u017c\u0105cej do Parafii pw.&nbsp;Wniebowst\u0105pienia Pa\u0144skiego w&nbsp;Lipie, kt\u00f3ra znalaz\u0142a si\u0119 w bardzo trudnej sytuacji \u017cyciowej po nag\u0142ej \u015bmierci m\u0119\u017ca \u2013 Pana Piotra G\u0142uszczyszyn.<\/p>\n\n\n\n<p class=\"has-large-font-size\">Pan Piotr przez wiele lat podejmowa\u0142 intensywn\u0105 prac\u0119, m.in. za granic\u0105, aby zapewni\u0107 swojej rodzinie stabiln\u0105 przysz\u0142o\u015b\u0107. Pomimo choroby, anga\u017cowa\u0142 si\u0119 w&nbsp;budow\u0119 domu, kt\u00f3ry mia\u0142 sta\u0107 si\u0119 bezpiecznym miejscem dla jego \u017cony i trojga dzieci, ucz\u0119szczaj\u0105cych do czwartej, sz\u00f3stej i si\u00f3dmej klasy Szko\u0142y Podstawowej im. ks. Jana Twardowskiego w Lipie. Budynek powstawa\u0142 dzi\u0119ki jego w\u0142asnej pracy i determinacji. Ten dom by\u0142 jego marzeniem i obietnic\u0105 wynikaj\u0105ca z troski ojca. Niestety, 10 kwietnia bie\u017c\u0105cego roku Pan Piotr, w wieku 43 lat zmar\u0142 nagle, nie doczekawszy uko\u0144czenia inwestycji. Odszed\u0142, zanim jego rodzina mog\u0142a przekroczy\u0107 pr\u00f3g wymarzonego domu. Pozostawi\u0142 po sobie nie tylko pustk\u0119 i ogromny b\u00f3l, ale tak\u017ce niedoko\u0144czon\u0105 budow\u0119 \u2013 milcz\u0105ce \u015bwiadectwo swojej walki o lepsze jutro dla najbli\u017cszych. Obecnie dom znajduje si\u0119 w stanie surowym i wymaga znacznych nak\u0142ad\u00f3w finansowych, aby m\u00f3g\u0142 nadawa\u0107 si\u0119 do zamieszkania (ok. 300&nbsp;000 z\u0142). Szacunkowe koszty wyko\u0144czenia zdecydowanie przekraczaj\u0105 mo\u017cliwo\u015bci finansowe rodziny. Wdowa jako osoba bezrobotna wraz z tr\u00f3jk\u0105 dzieci pozostaje w \u017ca\u0142obie, jednocze\u015bnie mierz\u0105c si\u0119 z&nbsp;codziennymi trudno\u015bciami oraz niepewno\u015bci\u0105 co do przysz\u0142o\u015bci. Dzieci s\u0105 w wieku szkolnym, kluczowym etapie swojego rozwoju i&nbsp;szczeg\u00f3lnie potrzebuj\u0105 stabilizacji, poczucia bezpiecze\u0144stwa oraz odpowiednich warunk\u00f3w do \u017cycia i nauki. Doko\u0144czenie tej budowy to nie tylko kwestia dachu nad g\u0142ow\u0105. To pr\u00f3ba ocalenia marzenia, kt\u00f3re by\u0142o dla tej rodziny fundamentem nadziei. To spos\u00f3b, by trud i&nbsp;po\u015bwi\u0119cenie Pana Piotra nie zosta\u0142y zaprzepaszczone. Obecnie bez wsparcia z zewn\u0105trz realizacja tego celu jest bardzo utrudniona.<\/p>\n\n\n\n<p class=\"has-large-font-size\">W zwi\u0105zku z powy\u017cszym zwracam si\u0119 z g\u0142\u0119bok\u0105 pro\u015bb\u0105 o udzielenie pomocy tej rodzinie. Ka\u017cda forma wsparcia mo\u017ce przybli\u017cy\u0107 ich do odzyskania poczucia bezpiecze\u0144stwa i&nbsp;godnego \u017cycia.<\/p>\n\n\n\n<p class=\"has-large-font-size\">Wsparcie nale\u017cy wp\u0142aca\u0107 na konto Caritas Archidiecezji Przemyskiej: PEKAO S. A. I O. Przemy\u015bl 33 1240 2568 1111 0000 3629 7045, z dopiskiem DOM-LIPA.<\/p>\n\n\n\n<p class=\"has-large-font-size\">Z powa\u017caniem:<\/p>\n\n\n\n<p class=\"has-large-font-size\">Ks. Artur Janiec \u2013 Dyrektor Caritas Archidiecezji Przemyskiej<\/p>\n","protected":false},"excerpt":{"rendered":"<p>. . PRO\u015aBA O WSPARCIE Szanowni Pa\u0144stwo Caritas Archidiecezji Przemyskiej zwraca si\u0119 z pro\u015bb\u0105 o udzielenie wsparcia finansowego dla rodziny Pani El\u017cbiety Hnat-G\u0142uszczyszyn zamieszka\u0142ej w miejscowo\u015bci Lipa 48, nale\u017c\u0105cej do Parafii pw.&nbsp;Wniebowst\u0105pienia Pa\u0144skiego w&nbsp;Lipie, kt\u00f3ra znalaz\u0142a si\u0119 w bardzo trudnej sytuacji \u017cyciowej po nag\u0142ej \u015bmierci m\u0119\u017ca \u2013 Pana Piotra G\u0142uszczyszyn. &hellip;<\/p>\n","protected":false},"author":1,"featured_media":0,"parent":0,"menu_order":0,"comment_status":"closed","ping_status":"closed","template":"","meta":{"footnotes":""},"_links":{"self":[{"href":"https:\/\/radymno-nspj.przemyska.pl\/index.php\/wp-json\/wp\/v2\/pages\/165"}],"collection":[{"href":"https:\/\/radymno-nspj.przemyska.pl\/index.php\/wp-json\/wp\/v2\/pages"}],"about":[{"href":"https:\/\/radymno-nspj.przemyska.pl\/index.php\/wp-json\/wp\/v2\/types\/page"}],"author":[{"embeddable":true,"href":"https:\/\/radymno-nspj.przemyska.pl\/index.php\/wp-json\/wp\/v2\/users\/1"}],"replies":[{"embeddable":true,"href":"https:\/\/radymno-nspj.przemyska.pl\/index.php\/wp-json\/wp\/v2\/comments?post=165"}],"version-history":[{"count":252,"href":"https:\/\/radymno-nspj.przemyska.pl\/index.php\/wp-json\/wp\/v2\/pages\/165\/revisions"}],"predecessor-version":[{"id":1743,"href":"https:\/\/radymno-nspj.przemyska.pl\/index.php\/wp-json\/wp\/v2\/pages\/165\/revisions\/1743"}],"wp:attachment":[{"href":"https:\/\/radymno-nspj.przemyska.pl\/index.php\/wp-json\/wp\/v2\/media?parent=165"}],"curies":[{"name":"wp","href":"https:\/\/api.w.org\/{rel}","templated":true}]}}