{"id":163,"date":"2024-02-03T00:54:36","date_gmt":"2024-02-02T23:54:36","guid":{"rendered":"https:\/\/radymno-nspj.przemyska.pl\/?page_id=163"},"modified":"2026-05-10T00:19:10","modified_gmt":"2026-05-09T22:19:10","slug":"intencje-mszalne","status":"publish","type":"page","link":"https:\/\/radymno-nspj.przemyska.pl\/index.php\/intencje-mszalne\/","title":{"rendered":"Intencje mszalne  10 &#8211; 17  V  2026"},"content":{"rendered":"\n<p> <\/p>\n\n\n\n<figure class=\"wp-block-table\"><table><tbody><tr><td colspan=\"2\"><strong><span style=\"text-decoration: underline;\">10\/05\/2026\u00a0 VI Niedziela Wielkanocna<\/span><\/strong><\/td><\/tr><tr><td><strong>08:00<\/strong><\/td><td>Za Parafian<\/td><\/tr><tr><td><strong>10:00<\/strong><\/td><td>Za \u015bp. ZOFI\u0118 (greg)<\/td><\/tr><tr><td><strong>11:30<\/strong><\/td><td>Dzi\u0119kczynna za 55 lat ma\u0142\u017ce\u0144stwa JANINY i TADEUSZA Sanockich z&nbsp; pro\u015bb\u0105 o Bo\u017ce b\u0142ogos\u0142awie\u0144stwo na dalsze lata<\/td><\/tr><tr><td><strong>16:00<\/strong><\/td><td>Za \u015bp. GRZEGORZA w 5 rocznic\u0119 \u015bmierci (od rodzic\u00f3w)<\/td><\/tr><tr><td colspan=\"2\"><span style=\"text-decoration: underline;\"><strong>11\/05\/2026\u00a0 Poniedzia\u0142ek<\/strong><\/span><\/td><\/tr><tr><td><strong>06:30<\/strong><strong><\/strong><\/td><td>Za \u015bp. ZOFI\u0118 (greg)<\/td><\/tr><tr><td><strong>18:00<\/strong><\/td><td>Za \u015bp. STANIS\u0141AWA Trelk\u0119 (od Kazimierza i Urszuli Kulewicz)<\/td><\/tr><tr><td><strong>18:00<\/strong><\/td><td>Za \u015bp. BOGDANA Rabczaka (od mamy i brata Adama)<\/td><\/tr><tr><td colspan=\"2\"><span style=\"text-decoration: underline;\"><strong>12\/05\/2026\u00a0 Wtorek<\/strong><\/span><\/td><\/tr><tr><td><strong>06:30<\/strong><\/td><td>Za \u015bp. ZOFI\u0118 (greg)<\/td><\/tr><tr><td><strong>18:00<\/strong><\/td><td>Za \u015bp. STANIS\u0141AWA Trelk\u0119 (od najbli\u017cszych s\u0105siad\u00f3w syna Grzegorza)<\/td><\/tr><tr><td><strong>18:00<\/strong><\/td><td>Za \u015bp. BOGDANA Rabczaka (od brata Grzegorza z rodzin\u0105)<\/td><\/tr><tr><td colspan=\"2\"><span style=\"text-decoration: underline;\"><strong>13\/05\/2026\u00a0 \u015aroda<\/strong><\/span><\/td><\/tr><tr><td><strong>06:30<\/strong><\/td><td>Za \u015bp. ZOFI\u0118 (greg)<\/td><\/tr><tr><td><strong>18:00<\/strong><\/td><td>Za \u015bp. MARI\u0118 Chrzanowsk\u0105 w 2 rocznic\u0119 \u015bmierci<\/td><\/tr><tr><td><strong>18:00<\/strong><\/td><td>Za \u015bp. KING\u0118 Kurzaw\u0119 w 2 rocznic\u0119 \u015bmierci i za zmar\u0142ych z rodziny&nbsp;<\/td><\/tr><tr><td colspan=\"2\"><span style=\"text-decoration: underline;\"><strong>14\/05\/2026\u00a0 Czwartek<\/strong><\/span><\/td><\/tr><tr><td><strong>06:30<\/strong><\/td><td>Za \u015bp. ZOFI\u0118 (greg)<\/td><\/tr><tr><td><strong>18:00<\/strong><\/td><td>Za \u015bp. BOLES\u0141AWA Warzoch\u0119 w 30 rocznic\u0119 \u015bmierci&nbsp;<\/td><\/tr><tr><td><strong>18:00<\/strong><\/td><td>Dzi\u0119kczynna za 18 lat \u017cycia KATARZYNY z pro\u015bb\u0105 o dalsze Bo\u017ce b\u0142ogos\u0142awie\u0144stwo<\/td><\/tr><tr><td colspan=\"2\"><span style=\"text-decoration: underline;\"><strong>15\/05\/2026\u00a0 Pi\u0105tek<\/strong><\/span><\/td><\/tr><tr><td><strong>06:30<\/strong><\/td><td>Za \u015bp. ZOFI\u0118 (greg)<\/td><\/tr><tr><td><strong>18:00<\/strong><\/td><td>Za \u015bp. J\u00d3ZEF\u0118 i EDWARDA<\/td><\/tr><tr><td><strong>18:00<\/strong><\/td><td>Za \u015bp. BOGDANA Rabczaka (od rodziny Sikora i Wojdy\u0142a)<\/td><\/tr><tr><td colspan=\"2\"><span style=\"text-decoration: underline;\"><strong>16\/05\/2026\u00a0 Sobota<\/strong><\/span><\/td><\/tr><tr><td><strong>06:30<\/strong><\/td><td>Za \u015bp. ZOFI\u0118 (greg)<\/td><\/tr><tr><td><strong>18:00<\/strong><\/td><td>O zdrowie i opiek\u0119 Matki Bo\u017cej dla rodziny<\/td><\/tr><tr><td><strong>18:00<\/strong><\/td><td>Za \u015bp. BOGDANA Rabczaka (od rodziny Rabczak\u00f3w i Wo\u017anych)<\/td><\/tr><tr><td colspan=\"2\"><strong><span style=\"text-decoration: underline;\">17\/05\/2026\u00a0 VII Niedziela Wielkanocna \u2013 Wniebowst\u0105pienie <\/span><\/strong><\/td><\/tr><tr><td><strong>08:00<\/strong><\/td><td>Za \u015bp. AGNIESZK\u0118 Wojdy\u0142o-Zaj\u0105c<\/td><\/tr><tr><td><strong>08:00<\/strong><\/td><td>Za \u015bp. ZOFI\u0118 (greg)<\/td><\/tr><tr><td><strong>10:00<\/strong><\/td><td>O bo\u017ce b\u0142ogos\u0142awie\u0144stwo dla dzieci i wnuk\u00f3w i prawnuk\u00f3w oraz opiek\u0119 Matki Bo\u017cej dla ca\u0142ej rodziny Wszo\u0142k\u00f3w<\/td><\/tr><tr><td><strong>11:30<\/strong><\/td><td>W intencji dzieci przyst\u0119puj\u0105cych do I Komunii \u015awi\u0119tej i ich rodzin<\/td><\/tr><tr><td><strong>16:00<\/strong><\/td><td>Za Parafian<\/td><\/tr><\/tbody><\/table><\/figure>\n","protected":false},"excerpt":{"rendered":"<p>10\/05\/2026\u00a0 VI Niedziela Wielkanocna 08:00 Za Parafian 10:00 Za \u015bp. ZOFI\u0118 (greg) 11:30 Dzi\u0119kczynna za 55 lat ma\u0142\u017ce\u0144stwa JANINY i TADEUSZA Sanockich z&nbsp; pro\u015bb\u0105 o Bo\u017ce b\u0142ogos\u0142awie\u0144stwo na dalsze lata 16:00 Za \u015bp. GRZEGORZA w 5 rocznic\u0119 \u015bmierci (od rodzic\u00f3w) 11\/05\/2026\u00a0 Poniedzia\u0142ek 06:30 Za \u015bp. ZOFI\u0118 (greg) 18:00 Za \u015bp. &hellip;<\/p>\n","protected":false},"author":1,"featured_media":0,"parent":0,"menu_order":0,"comment_status":"closed","ping_status":"closed","template":"","meta":{"footnotes":""},"_links":{"self":[{"href":"https:\/\/radymno-nspj.przemyska.pl\/index.php\/wp-json\/wp\/v2\/pages\/163"}],"collection":[{"href":"https:\/\/radymno-nspj.przemyska.pl\/index.php\/wp-json\/wp\/v2\/pages"}],"about":[{"href":"https:\/\/radymno-nspj.przemyska.pl\/index.php\/wp-json\/wp\/v2\/types\/page"}],"author":[{"embeddable":true,"href":"https:\/\/radymno-nspj.przemyska.pl\/index.php\/wp-json\/wp\/v2\/users\/1"}],"replies":[{"embeddable":true,"href":"https:\/\/radymno-nspj.przemyska.pl\/index.php\/wp-json\/wp\/v2\/comments?post=163"}],"version-history":[{"count":156,"href":"https:\/\/radymno-nspj.przemyska.pl\/index.php\/wp-json\/wp\/v2\/pages\/163\/revisions"}],"predecessor-version":[{"id":1740,"href":"https:\/\/radymno-nspj.przemyska.pl\/index.php\/wp-json\/wp\/v2\/pages\/163\/revisions\/1740"}],"wp:attachment":[{"href":"https:\/\/radymno-nspj.przemyska.pl\/index.php\/wp-json\/wp\/v2\/media?parent=163"}],"curies":[{"name":"wp","href":"https:\/\/api.w.org\/{rel}","templated":true}]}}