{"id":151,"date":"2024-02-03T00:47:28","date_gmt":"2024-02-02T23:47:28","guid":{"rendered":"https:\/\/radymno-nspj.przemyska.pl\/?page_id=151"},"modified":"2024-02-03T11:11:00","modified_gmt":"2024-02-03T10:11:00","slug":"dekanalna-poradnia-rodzinna","status":"publish","type":"page","link":"https:\/\/radymno-nspj.przemyska.pl\/index.php\/dekanalna-poradnia-rodzinna\/","title":{"rendered":"Dekanalna poradnia rodzinna"},"content":{"rendered":"\n<h2 class=\"wp-block-heading\"><strong>SPOTKANIA DLA NARZECZONYCH:<\/strong><\/h2>\n\n\n\n<p><strong>Katechezy przed\u015blubne:<\/strong><br><strong>w DRUGIE PONIEDZIA\u0141KI ka\u017cdego miesi\u0105ca, o godz. 18.30<\/strong><\/p>\n\n\n\n<p><strong>Spotkania indywidualne:<\/strong><br><strong>wed\u0142ug uzgodnie\u0144 z doradc\u0105 rodzinnym.<\/strong><\/p>\n\n\n\n<p>Informacje dodatkowe:<br>KATECHEZY PRZED\u015aLUBNE nale\u017c\u0105 do ostatniego etapu przygotowania do SAKRAMENTU MA\u0141\u017bE\u0143STWA. Narzeczeni powinni skontaktowa\u0107 si\u0119 z poradni\u0105 ok. 6 miesi\u0119cy przed zaplanowan\u0105 dat\u0105 \u015blubu. Katechezy obejmuj\u0105 3 spotkania og\u00f3lne z kap\u0142anem i doradc\u0105 rodzinnym oraz przynajmniej 2 spotkania indywidualne z doradc\u0105 rodzinnym. Potwierdzeniem uko\u0144czenia katechez jest ZA\u015aWIADCZENIE, kt\u00f3re jest do\u0142\u0105czane, jako obowi\u0105zuj\u0105cy dokument, do PROTOKO\u0141U Z ROZM\u00d3W KANONICZNO-DUSZPASTERSKICH Z NARZECZONYMI PRZED ZAWARCIEM MA\u0141\u017bE\u0143STWA.<\/p>\n\n\n\n<p>Spotkania odbywaj\u0105 si\u0119&nbsp;w budynku parafialnym, przy ko\u015bciele pw. Naj\u015bwi\u0119tszego Serca Pana Jezusa w Radymnie.<\/p>\n\n\n\n<p>Kontakt do do doradcy rodzinnego: +48 502 326 356<\/p>\n","protected":false},"excerpt":{"rendered":"<p>SPOTKANIA DLA NARZECZONYCH: Katechezy przed\u015blubne:w DRUGIE PONIEDZIA\u0141KI ka\u017cdego miesi\u0105ca, o godz. 18.30 Spotkania indywidualne:wed\u0142ug uzgodnie\u0144 z doradc\u0105 rodzinnym. Informacje dodatkowe:KATECHEZY PRZED\u015aLUBNE nale\u017c\u0105 do ostatniego etapu przygotowania do SAKRAMENTU MA\u0141\u017bE\u0143STWA. Narzeczeni powinni skontaktowa\u0107 si\u0119 z poradni\u0105 ok. 6 miesi\u0119cy przed zaplanowan\u0105 dat\u0105 \u015blubu. Katechezy obejmuj\u0105 3 spotkania og\u00f3lne z kap\u0142anem i &hellip;<\/p>\n","protected":false},"author":1,"featured_media":0,"parent":0,"menu_order":0,"comment_status":"closed","ping_status":"closed","template":"","meta":{"footnotes":""},"_links":{"self":[{"href":"https:\/\/radymno-nspj.przemyska.pl\/index.php\/wp-json\/wp\/v2\/pages\/151"}],"collection":[{"href":"https:\/\/radymno-nspj.przemyska.pl\/index.php\/wp-json\/wp\/v2\/pages"}],"about":[{"href":"https:\/\/radymno-nspj.przemyska.pl\/index.php\/wp-json\/wp\/v2\/types\/page"}],"author":[{"embeddable":true,"href":"https:\/\/radymno-nspj.przemyska.pl\/index.php\/wp-json\/wp\/v2\/users\/1"}],"replies":[{"embeddable":true,"href":"https:\/\/radymno-nspj.przemyska.pl\/index.php\/wp-json\/wp\/v2\/comments?post=151"}],"version-history":[{"count":2,"href":"https:\/\/radymno-nspj.przemyska.pl\/index.php\/wp-json\/wp\/v2\/pages\/151\/revisions"}],"predecessor-version":[{"id":167,"href":"https:\/\/radymno-nspj.przemyska.pl\/index.php\/wp-json\/wp\/v2\/pages\/151\/revisions\/167"}],"wp:attachment":[{"href":"https:\/\/radymno-nspj.przemyska.pl\/index.php\/wp-json\/wp\/v2\/media?parent=151"}],"curies":[{"name":"wp","href":"https:\/\/api.w.org\/{rel}","templated":true}]}}