{"id":149,"date":"2024-02-03T00:47:06","date_gmt":"2024-02-02T23:47:06","guid":{"rendered":"https:\/\/radymno-nspj.przemyska.pl\/?page_id=149"},"modified":"2024-09-08T02:07:54","modified_gmt":"2024-09-08T00:07:54","slug":"swietlica-parafialna","status":"publish","type":"page","link":"https:\/\/radymno-nspj.przemyska.pl\/index.php\/swietlica-parafialna\/","title":{"rendered":"\u015awietlica parafialna"},"content":{"rendered":"\n<p class=\"has-accent-1-color has-text-color has-link-color has-larger-font-size wp-elements-c2f1f1de31f060ad98a63141ef7b8c70\"><strong>!!! &#8211; AKTUALNIE \u015aWIETLICA PARAFIALNA ZAWIESI\u0141A SWOJ\u0104 DZIA\u0141ALNO\u015a\u0106<\/strong><\/p>\n\n\n\n<p><\/p>\n\n\n\n<p><\/p>\n\n\n\n<p><\/p>\n\n\n\n<p><strong>Oferta \u015bwietlicy adresowana jest do dzieci ucz\u0105cych si\u0119 na poziomie szko\u0142y podstawowej&nbsp;z Radymna i okolic potrzebuj\u0105cych opieki i wsparcia.<\/strong><\/p>\n\n\n\n<p>Dzia\u0142alno\u015b\u0107 \u015awietlicy opiera si\u0119 na og\u00f3lnoludzkich warto\u015bciach etyki chrze\u015bcija\u0144skiej.<\/p>\n\n\n\n<p><strong>G\u0142\u00f3wne cele \u015bwietlicy to:<\/strong><\/p>\n\n\n\n<ol>\n<li>Zorganizowanie wychowankom \u015bwietlicy fachowej, dobrze zorganizowanej opieki wychowawczej.<\/li>\n\n\n\n<li>Udzielanie pomocy w eliminowaniu i rozwi\u0105zywaniu niepowodze\u0144 szkolnych, rodzinnych i osobistych.<\/li>\n\n\n\n<li>Oddzia\u0142ywanie terapeutyczne maj\u0105ce na celu \u0142agodzenie niedostatk\u00f3w wychowawczych w rodzinie, eliminowanie zaburze\u0144 zachowania, wdra\u017canie wychowank\u00f3w do przestrzegania zasad wsp\u00f3\u0142\u017cycia spo\u0142ecznego, podnoszenie ich kultury osobistej.<\/li>\n\n\n\n<li>Uczenie alternatywnych, zdrowych form sp\u0119dzania wolnego czasu, rozw\u00f3j zainteresowa\u0144 i inwencji tw\u00f3rczej uczestnik\u00f3w \u015bwietlicy.<\/li>\n\n\n\n<li>Wsp\u00f3\u0142praca z rodzin\u0105 dziecka, zapoznanie z za\u0142o\u017ceniami programu pracy w \u015bwietlicy.<\/li>\n<\/ol>\n\n\n\n<p><em><u><strong>W ramach zaj\u0119\u0107 \u015bwietlicy \u015brodowiskowej przewidziane s\u0105 nast\u0119puj\u0105ce formy dzia\u0142ania :<\/strong><\/u><\/em><\/p>\n\n\n\n<p><strong>Zaj\u0119cia edukacyjne i pomoc w nauce<\/strong><\/p>\n\n\n\n<ul>\n<li>pomoc w odrabianiu lekcji, \u0107wiczenie umiej\u0119tno\u015bci szkolnych<\/li>\n\n\n\n<li>wyr\u00f3wnywanie zaleg\u0142o\u015bci szkolnych<\/li>\n\n\n\n<li>zaj\u0119cia rozwijaj\u0105ce umiej\u0119tno\u015bci&nbsp;<\/li>\n\n\n\n<li>ogl\u0105danie film\u00f3w edukacyjnych, organizowanie quiz\u00f3w, konkurs\u00f3w z zakresu r\u00f3\u017cnych dziedzin wiedzy szkolnej<\/li>\n<\/ul>\n\n\n\n<p><strong>Zaj\u0119cia rozwijaj\u0105ce zainteresowania<\/strong><\/p>\n\n\n\n<ul>\n<li>zaj\u0119cia plastyczne<\/li>\n\n\n\n<li>zaj\u0119cia teatralne<\/li>\n\n\n\n<li>zaj\u0119cia kulinarne<\/li>\n\n\n\n<li>zaj\u0119cia komputerowe<\/li>\n\n\n\n<li>zaj\u0119cia czytelnicze, biblioteczne<\/li>\n\n\n\n<li>inne, w zale\u017cno\u015bci od potrzeb<\/li>\n<\/ul>\n\n\n\n<p><strong>Zaj\u0119cia rozwijaj\u0105ce sprawno\u015b\u0107 fizyczn\u0105<\/strong><\/p>\n\n\n\n<ul>\n<li>gry i zabawy zr\u0119czno\u015bciowe, zespo\u0142owe<\/li>\n\n\n\n<li>zaj\u0119cia na boisku&nbsp;<\/li>\n\n\n\n<li>zaj\u0119cia, spacery w terenie<\/li>\n\n\n\n<li>turnieje i rozgrywki sportowe<\/li>\n<\/ul>\n\n\n\n<hr class=\"wp-block-separator has-alpha-channel-opacity\"\/>\n\n\n\n<p><em>Organizujemy do\u017cywianie wychowank\u00f3w&nbsp;<\/em><\/p>\n\n\n\n<p>W \u015bwietlicy funkcjonuje regulamin, opracowany przez kadr\u0119 opiekun\u00f3w \u015bwietlicy. Regulamin okre\u015bla zasady korzystania ze \u015bwietlicy przez wychowank\u00f3w, zawiera ich prawa i obowi\u0105zki, zasady bezpiecze\u0144stwa, nagrody i kary. Z regulaminem zapoznawani s\u0105 wychowankowie i rodzice.<\/p>\n\n\n\n<p>Inne dzia\u0142ania \u015bwietlicy organizowane b\u0119d\u0105 w zale\u017cno\u015bci od pojawiaj\u0105cych si\u0119 potrzeb dzieci i rodzic\u00f3w, inicjatyw os\u00f3b zaanga\u017cowanych, nadarzaj\u0105cych si\u0119 okazji, propozycji \u015brodowiska oraz mo\u017cliwo\u015bci finansowych .<\/p>\n\n\n\n<p><strong>Adres:<\/strong><\/p>\n\n\n\n<p>ul. Stefana Kardyna\u0142a Wyszy\u0144skiego 1a<br>37-550 Radymno<\/p>\n\n\n\n<p><strong>tel. (0-16) 62-81-059<\/strong><\/p>\n\n\n\n<p><strong>Godziny otwarcia:<\/strong><\/p>\n\n\n\n<p>od 11.30 do 16.00<br>od poniedzia\u0142ku do pi\u0105tku<\/p>\n","protected":false},"excerpt":{"rendered":"<p>!!! &#8211; AKTUALNIE \u015aWIETLICA PARAFIALNA ZAWIESI\u0141A SWOJ\u0104 DZIA\u0141ALNO\u015a\u0106 Oferta \u015bwietlicy adresowana jest do dzieci ucz\u0105cych si\u0119 na poziomie szko\u0142y podstawowej&nbsp;z Radymna i okolic potrzebuj\u0105cych opieki i wsparcia. Dzia\u0142alno\u015b\u0107 \u015awietlicy opiera si\u0119 na og\u00f3lnoludzkich warto\u015bciach etyki chrze\u015bcija\u0144skiej. G\u0142\u00f3wne cele \u015bwietlicy to: W ramach zaj\u0119\u0107 \u015bwietlicy \u015brodowiskowej przewidziane s\u0105 nast\u0119puj\u0105ce formy dzia\u0142ania &hellip;<\/p>\n","protected":false},"author":1,"featured_media":0,"parent":0,"menu_order":0,"comment_status":"closed","ping_status":"closed","template":"","meta":{"footnotes":""},"_links":{"self":[{"href":"https:\/\/radymno-nspj.przemyska.pl\/index.php\/wp-json\/wp\/v2\/pages\/149"}],"collection":[{"href":"https:\/\/radymno-nspj.przemyska.pl\/index.php\/wp-json\/wp\/v2\/pages"}],"about":[{"href":"https:\/\/radymno-nspj.przemyska.pl\/index.php\/wp-json\/wp\/v2\/types\/page"}],"author":[{"embeddable":true,"href":"https:\/\/radymno-nspj.przemyska.pl\/index.php\/wp-json\/wp\/v2\/users\/1"}],"replies":[{"embeddable":true,"href":"https:\/\/radymno-nspj.przemyska.pl\/index.php\/wp-json\/wp\/v2\/comments?post=149"}],"version-history":[{"count":5,"href":"https:\/\/radymno-nspj.przemyska.pl\/index.php\/wp-json\/wp\/v2\/pages\/149\/revisions"}],"predecessor-version":[{"id":691,"href":"https:\/\/radymno-nspj.przemyska.pl\/index.php\/wp-json\/wp\/v2\/pages\/149\/revisions\/691"}],"wp:attachment":[{"href":"https:\/\/radymno-nspj.przemyska.pl\/index.php\/wp-json\/wp\/v2\/media?parent=149"}],"curies":[{"name":"wp","href":"https:\/\/api.w.org\/{rel}","templated":true}]}}