{"id":1321,"date":"2025-09-12T12:03:20","date_gmt":"2025-09-12T10:03:20","guid":{"rendered":"https:\/\/radymno-nspj.przemyska.pl\/?page_id=1321"},"modified":"2025-09-12T12:03:20","modified_gmt":"2025-09-12T10:03:20","slug":"rodo","status":"publish","type":"page","link":"https:\/\/radymno-nspj.przemyska.pl\/index.php\/rodo\/","title":{"rendered":"RODO"},"content":{"rendered":"\n<p>&nbsp;&nbsp; <strong>Szanowni Pa\u0144stwo,<\/strong><strong><\/strong><\/p>\n\n\n\n<p>Informujemy, \u017ce od dnia 25 maja 2018 roku zmieni\u0142y si\u0119 zasady przetwarzania danych osobowych w&nbsp;zwi\u0105zku z&nbsp;wej\u015bciem w \u017cycie przepis\u00f3w Rozporz\u0105dzenia Parlamentu Europejskiego i Rady (UE) 2016\/679 z dnia 27 kwietnia 2016 r. w sprawie ochrony os\u00f3b fizycznych w zwi\u0105zku z przetwarzaniem danych osobowych i w sprawie swobodnego przep\u0142ywu takich danych oraz uchylenia dyrektywy 95\/46\/WE (zwanego dalej: RODO):<\/p>\n\n\n\n<p><strong>Administratorem Pa\u0144stwa<\/strong><strong> danych osobowych jest <\/strong><strong>Parafia Rzymskokatolicka<br>pw. Naj\u015bwi\u0119tszego Serca Pana Jezusa w Radymnie<\/strong><strong>, <\/strong>ul. Stefana Kardyna\u0142a Wyszy\u0144skiego 1 A,<br>37-550 RADYMNO<\/p>\n\n\n\n<p><strong>Przetwarzanie Pa\u0144stwa danych osobowych<\/strong><strong> odbywa\u0107 si\u0119 b\u0119dzie na podstawie przepis\u00f3w prawa lub na podstawie uprzednio wyra\u017conej przez Pa\u0144stwa zgody<\/strong>.<\/p>\n\n\n\n<p><strong>Dane w naszej instytucji<\/strong><strong> nie b\u0119d\u0105 przetwarzane w spos\u00f3b zautomatyzowany ani nie b\u0119d\u0105 profilowane.<\/strong><\/p>\n\n\n\n<p><strong>Dane osobowe<\/strong><strong> nie b\u0119d\u0105 udost\u0119pnianie na rzecz innych podmiot\u00f3w bez uprzedniej zgody. <\/strong>Dane osobowe mog\u0105 by\u0107 udost\u0119pnianie podmiotom do tego upowa\u017cnionym na podstawie przepis\u00f3w prawa.<\/p>\n\n\n\n<p><strong>Dane osobowe<\/strong> nie b\u0119d\u0105 przekazywane do pa\u0144stwa trzeciego\/organizacji mi\u0119dzynarodowej.<\/p>\n\n\n\n<p><strong>Dane osobowe<\/strong><strong> b\u0119d\u0105 przechowywane przez okres niezb\u0119dny dla realizacji pomocy charytatywno-opieku\u0144czej i&nbsp;humanitarnej.<\/strong><\/p>\n\n\n\n<p><strong>Posiadacie Pa\u0144stwo prawo<\/strong><strong>:<\/strong>&nbsp;dost\u0119pu do tre\u015bci swoich danych oraz ich sprostowania, usuni\u0119cia, ograniczenia przetwarzania, przenoszenia danych, wniesienia sprzeciwu.<\/p>\n\n\n\n<p><strong>Wyra\u017cona zgoda<\/strong><strong> mo\u017ce zosta\u0107 wycofana przez Pa\u0144stwa w ka\u017cdej chwili.<\/strong>&nbsp;Wycofanie zgody nie wp\u0142ynie na zgodno\u015b\u0107 z prawem przetwarzania danych osobowych, kt\u00f3rego dokonano na podstawie wyra\u017conej zgody przed jej wycofaniem.&nbsp;<strong>O\u015bwiadczenie o wycofaniu zgody na przetwarzanie danych osobowych nale\u017cy z\u0142o\u017cy\u0107 w siedzibie instytucji przy <\/strong>ul. Stefana Kardyna\u0142a Wyszy\u0144skiego 1A, 37-550 RADYMNO.<strong><\/strong><\/p>\n\n\n\n<p><strong>W sprawach zwi\u0105zanych z ochron\u0105 danych osobowych prosz\u0119 kontaktowa\u0107 si\u0119 listownie na adres: ul. Stefana Kardyna\u0142a Wyszy\u0144skiego 1A, 37-550 Radymno lub za po\u015brednictwem poczty elektronicznej pod adresem: <\/strong><a href=\"mailto:projektyNSPJ@gmail.com\"><strong>projektyNSPJ@gmail.com<\/strong><\/a><strong>.<\/strong><strong> <\/strong><strong><\/strong><\/p>\n\n\n\n<p><strong>Przys\u0142uguje Pani\/Panu prawo wniesienia skargi do Prezesa Urz\u0119du Ochrony Danych Osobowych, gdy uzna Pani\/Pan, \u017ce przetwarzanie danych osobowych, dotycz\u0105cych Pani\/Pana, narusza przepisy RODO.<\/strong><strong><\/strong><\/p>\n\n\n\n<p><strong>Podanie danych<\/strong> <strong>osobowych<\/strong> jest dobrowolne, ale niezb\u0119dne dla realizacji wskazanych powy\u017cej cel\u00f3w.<\/p>\n\n\n\n<p class=\"has-normal-font-size\"><em>Z powa\u017caniem,<\/em><em><\/em><\/p>\n\n\n\n<p class=\"has-normal-font-size\"><em>Ks. Proboszcz Parafii Rzymskokatolickiej pw. NSPJ w Radymnie<\/em><em><\/em><\/p>\n","protected":false},"excerpt":{"rendered":"<p>&nbsp;&nbsp; Szanowni Pa\u0144stwo, Informujemy, \u017ce od dnia 25 maja 2018 roku zmieni\u0142y si\u0119 zasady przetwarzania danych osobowych w&nbsp;zwi\u0105zku z&nbsp;wej\u015bciem w \u017cycie przepis\u00f3w Rozporz\u0105dzenia Parlamentu Europejskiego i Rady (UE) 2016\/679 z dnia 27 kwietnia 2016 r. w sprawie ochrony os\u00f3b fizycznych w zwi\u0105zku z przetwarzaniem danych osobowych i w sprawie swobodnego &hellip;<\/p>\n","protected":false},"author":2,"featured_media":0,"parent":0,"menu_order":0,"comment_status":"closed","ping_status":"closed","template":"","meta":{"footnotes":""},"_links":{"self":[{"href":"https:\/\/radymno-nspj.przemyska.pl\/index.php\/wp-json\/wp\/v2\/pages\/1321"}],"collection":[{"href":"https:\/\/radymno-nspj.przemyska.pl\/index.php\/wp-json\/wp\/v2\/pages"}],"about":[{"href":"https:\/\/radymno-nspj.przemyska.pl\/index.php\/wp-json\/wp\/v2\/types\/page"}],"author":[{"embeddable":true,"href":"https:\/\/radymno-nspj.przemyska.pl\/index.php\/wp-json\/wp\/v2\/users\/2"}],"replies":[{"embeddable":true,"href":"https:\/\/radymno-nspj.przemyska.pl\/index.php\/wp-json\/wp\/v2\/comments?post=1321"}],"version-history":[{"count":1,"href":"https:\/\/radymno-nspj.przemyska.pl\/index.php\/wp-json\/wp\/v2\/pages\/1321\/revisions"}],"predecessor-version":[{"id":1322,"href":"https:\/\/radymno-nspj.przemyska.pl\/index.php\/wp-json\/wp\/v2\/pages\/1321\/revisions\/1322"}],"wp:attachment":[{"href":"https:\/\/radymno-nspj.przemyska.pl\/index.php\/wp-json\/wp\/v2\/media?parent=1321"}],"curies":[{"name":"wp","href":"https:\/\/api.w.org\/{rel}","templated":true}]}}