{"id":13,"date":"2024-02-01T23:14:37","date_gmt":"2024-02-01T22:14:37","guid":{"rendered":"https:\/\/radymno-nspj.przemyska.pl\/?page_id=13"},"modified":"2024-02-01T23:17:32","modified_gmt":"2024-02-01T22:17:32","slug":"kontakt","status":"publish","type":"page","link":"https:\/\/radymno-nspj.przemyska.pl\/index.php\/kontakt\/","title":{"rendered":"Kontakt"},"content":{"rendered":"\n<div class=\"wp-block-columns is-layout-flex wp-container-core-columns-layout-1 wp-block-columns-is-layout-flex\">\n<div class=\"wp-block-column is-layout-flow wp-block-column-is-layout-flow\">\n<p class=\"has-text-align-center has-ti-accent-secondary-color has-text-color has-link-color wp-elements-87580461cb54eef214450c9d5008fb54\"><strong>ADRES:<\/strong><\/p>\n\n\n\n<p class=\"has-ti-accent-secondary-color has-text-color has-link-color wp-elements-96cc6e30f0ced52bde4e6f8c1dd46081\"><strong>Parafia Rzymskokatolicka<br>pw. Naj\u015bwi\u0119tszego Serca Pana Jezusa<br>w Radymnie<\/strong><\/p>\n\n\n\n<p class=\"has-ti-fg-color has-text-color has-link-color wp-elements-eaa1e54dd0e11f4cc761aad5c3adfbab\">ul. Stefana Kard. Wyszy\u0144skiego 1a<br>37-550 RADYMNO<\/p>\n\n\n\n<p>telefon: 16 6281059<br>e-mail: radymno-nspj@przemyska.pl<\/p>\n<\/div>\n\n\n\n<div class=\"wp-block-column is-layout-flow wp-block-column-is-layout-flow\">\n<iframe src=\"https:\/\/www.google.com\/maps\/embed?pb=!1m18!1m12!1m3!1d641.8567636204298!2d22.827193069683208!3d49.94709106121267!2m3!1f0!2f0!3f0!3m2!1i1024!2i768!4f13.1!3m3!1m2!1s0x473b62890e2fbcbb%3A0x933f146e34d3a691!2sKo%C5%9Bci%C3%B3%C5%82%20Rzymskokatolicki%20pw.%20Naj%C5%9Bwi%C4%99tszego%20Serca%20Pana%20Jezusa!5e0!3m2!1spl!2spl!4v1706825642830!5m2!1spl!2spl\" width=\"600\" height=\"450\" style=\"border:0;\" allowfullscreen=\"\" loading=\"lazy\" referrerpolicy=\"no-referrer-when-downgrade\"><\/iframe>\n<\/div>\n<\/div>\n\n\n\n<p class=\"has-text-align-center has-ti-accent-secondary-color has-text-color has-link-color wp-elements-742759c06cc310d327cff4b1ae4be9d0\"><strong>Numer konta bankowego:<\/strong><\/p>\n\n\n\n<p class=\"has-text-align-center has-normal-font-size\">BS w Radymnie: 40 9107 0007 2001 0004 1771 0002<br><em>\/konto do wp\u0142at na inwestycje ko\u015bcielne oraz na sprz\u0105tanie i kwiaty do ko\u015bcio\u0142a\/<\/em><\/p>\n\n\n\n<hr class=\"wp-block-separator has-alpha-channel-opacity\"\/>\n\n\n\n<p class=\"has-ti-accent-secondary-color has-text-color has-link-color wp-elements-99f2469cfbda56a88c0d768c04a8c28b\"><strong>\u015arodowiskowy Dom Samopomocy<\/strong><\/p>\n\n\n\n<p>telefon: 606 740 468<br>e-mail: sdsradymno@o2.pl<\/p>\n","protected":false},"excerpt":{"rendered":"<p>ADRES: Parafia Rzymskokatolickapw. Naj\u015bwi\u0119tszego Serca Pana Jezusaw Radymnie ul. Stefana Kard. Wyszy\u0144skiego 1a37-550 RADYMNO telefon: 16 6281059e-mail: radymno-nspj@przemyska.pl Numer konta bankowego: BS w Radymnie: 40 9107 0007 2001 0004 1771 0002\/konto do wp\u0142at na inwestycje ko\u015bcielne oraz na sprz\u0105tanie i kwiaty do ko\u015bcio\u0142a\/ \u015arodowiskowy Dom Samopomocy telefon: 606 740 468e-mail: &hellip;<\/p>\n","protected":false},"author":1,"featured_media":0,"parent":0,"menu_order":0,"comment_status":"closed","ping_status":"closed","template":"","meta":{"footnotes":""},"_links":{"self":[{"href":"https:\/\/radymno-nspj.przemyska.pl\/index.php\/wp-json\/wp\/v2\/pages\/13"}],"collection":[{"href":"https:\/\/radymno-nspj.przemyska.pl\/index.php\/wp-json\/wp\/v2\/pages"}],"about":[{"href":"https:\/\/radymno-nspj.przemyska.pl\/index.php\/wp-json\/wp\/v2\/types\/page"}],"author":[{"embeddable":true,"href":"https:\/\/radymno-nspj.przemyska.pl\/index.php\/wp-json\/wp\/v2\/users\/1"}],"replies":[{"embeddable":true,"href":"https:\/\/radymno-nspj.przemyska.pl\/index.php\/wp-json\/wp\/v2\/comments?post=13"}],"version-history":[{"count":2,"href":"https:\/\/radymno-nspj.przemyska.pl\/index.php\/wp-json\/wp\/v2\/pages\/13\/revisions"}],"predecessor-version":[{"id":16,"href":"https:\/\/radymno-nspj.przemyska.pl\/index.php\/wp-json\/wp\/v2\/pages\/13\/revisions\/16"}],"wp:attachment":[{"href":"https:\/\/radymno-nspj.przemyska.pl\/index.php\/wp-json\/wp\/v2\/media?parent=13"}],"curies":[{"name":"wp","href":"https:\/\/api.w.org\/{rel}","templated":true}]}}